{"id":1065,"date":"2019-04-11T10:30:03","date_gmt":"2019-04-11T10:30:03","guid":{"rendered":"https:\/\/www.atlantikfish.com\/?page_id=1065"},"modified":"2019-04-26T13:51:20","modified_gmt":"2019-04-26T13:51:20","slug":"noticias","status":"publish","type":"page","link":"https:\/\/www.atlantikfish.com\/?page_id=1065","title":{"rendered":"&#8211; NOT\u00cdCIAS &#8211;"},"content":{"rendered":"\n\t\t\t<div class=\"wp-block-uagb-post-grid uagb-post-grid  uagb-post__image-position-top uagb-post__image-enabled uagb-block-4524a25a-d0a6-4075-ad2f-a7939399001a     uagb-post__items uagb-post__columns-3 is-grid uagb-post__columns-tablet-2 uagb-post__columns-mobile-1 uagb-post__equal-height\" data-total=\"2\" style=\"\">\n\n\t\t\t\t\t\t\t\t\t\t\t\t<article class=\"uagb-post__inner-wrap\">\t\t\t\t\t\t\t\t<div class='uagb-post__image'>\n\t\t\t\t\t\t\t\t\t<a href=\"https:\/\/www.atlantikfish.com\/?p=1571\" target=\"_self\" rel=\"bookmark noopener noreferrer\" class='uagb-image-ratio-inherit'><img fetchpriority=\"high\" decoding=\"async\" width=\"300\" height=\"200\" src=\"https:\/\/www.atlantikfish.com\/wp-content\/uploads\/2022\/05\/mestrado-aquacultura-uGhent-300x200.jpg\" class=\"attachment-medium size-medium\" alt=\"Mestrado universidade Ghent | Atlantik Fish\" srcset=\"https:\/\/www.atlantikfish.com\/wp-content\/uploads\/2022\/05\/mestrado-aquacultura-uGhent-300x200.jpg 300w, https:\/\/www.atlantikfish.com\/wp-content\/uploads\/2022\/05\/mestrado-aquacultura-uGhent-500x333.jpg 500w, https:\/\/www.atlantikfish.com\/wp-content\/uploads\/2022\/05\/mestrado-aquacultura-uGhent-272x182.jpg 272w, https:\/\/www.atlantikfish.com\/wp-content\/uploads\/2022\/05\/mestrado-aquacultura-uGhent.jpg 600w\" sizes=\"(max-width: 300px) 100vw, 300px\" \/>\t\t\t\t\t<\/a>\n\t\t\t\t\t\t\t<\/div>\n\t\t\t\t\t\t<h4 class=\"uagb-post__title uagb-post__text\">\n\t\t\t\t<a href=\"https:\/\/www.atlantikfish.com\/?p=1571\" target=\"_self\" rel=\"bookmark noopener noreferrer\">Alunos da B\u00e9lgica visitam Atlantik Fish<\/a>\n\t\t\t<\/h4>\n\t\t\t\t\t\t<div class='uagb-post__text uagb-post-grid-byline'>\n\t\t\t\t\t\t\t<\/div>\n\t\t\t\t\t\t\t<div class='uagb-post__text uagb-post__excerpt'>\n\t\t\t\t\tOs alunos do Mestrado em Aquacultura da Universidade de Ghent (B\u00e9lgica) visitaram a Atlantik Fish,&#8230;\t\t\t\t<\/div>\n\t\t\t\t\t\t<div class=\"uagb-post__text uagb-post__cta wp-block-button\">\n\t\t\t\t<a class=\"wp-block-button__link uagb-text-link\" style=\"\" href=\"https:\/\/www.atlantikfish.com\/?p=1571\" target=\"_self\" rel=\"bookmark noopener noreferrer\">LER MAIS<\/a>\n\t\t\t<\/div>\n\t\t\t\n\t\t\t\t\t\t\t\t\t<\/article>\n\t\t\t\t\t\t\t\t\t\t\t\t\t\t\t\t<article class=\"uagb-post__inner-wrap\">\t\t\t\t\t\t\t\t<div class='uagb-post__image'>\n\t\t\t\t\t\t\t\t\t<a href=\"https:\/\/www.atlantikfish.com\/?p=1561\" target=\"_self\" rel=\"bookmark noopener noreferrer\" class='uagb-image-ratio-inherit'><img decoding=\"async\" width=\"300\" height=\"200\" src=\"https:\/\/www.atlantikfish.com\/wp-content\/uploads\/2022\/05\/Portugal-em-destaque6x4-300x200.jpg\" class=\"attachment-medium size-medium\" alt=\"Atlantik Fish | artigo portugal em destaque\" srcset=\"https:\/\/www.atlantikfish.com\/wp-content\/uploads\/2022\/05\/Portugal-em-destaque6x4-300x200.jpg 300w, https:\/\/www.atlantikfish.com\/wp-content\/uploads\/2022\/05\/Portugal-em-destaque6x4-500x333.jpg 500w, https:\/\/www.atlantikfish.com\/wp-content\/uploads\/2022\/05\/Portugal-em-destaque6x4-272x182.jpg 272w, https:\/\/www.atlantikfish.com\/wp-content\/uploads\/2022\/05\/Portugal-em-destaque6x4.jpg 600w\" sizes=\"(max-width: 300px) 100vw, 300px\" \/>\t\t\t\t\t<\/a>\n\t\t\t\t\t\t\t<\/div>\n\t\t\t\t\t\t<h4 class=\"uagb-post__title uagb-post__text\">\n\t\t\t\t<a href=\"https:\/\/www.atlantikfish.com\/?p=1561\" target=\"_self\" rel=\"bookmark noopener noreferrer\">Atlantik Fish na revista Portugal em Destaque<\/a>\n\t\t\t<\/h4>\n\t\t\t\t\t\t<div class='uagb-post__text uagb-post-grid-byline'>\n\t\t\t\t\t\t\t<\/div>\n\t\t\t\t\t\t\t<div class='uagb-post__text uagb-post__excerpt'>\n\t\t\t\t\tA Atlantik Fish, a aquacultura e a economia do mar foram alguns dos temas abordados&#8230;\t\t\t\t<\/div>\n\t\t\t\t\t\t<div class=\"uagb-post__text uagb-post__cta wp-block-button\">\n\t\t\t\t<a class=\"wp-block-button__link uagb-text-link\" style=\"\" href=\"https:\/\/www.atlantikfish.com\/?p=1561\" target=\"_self\" rel=\"bookmark noopener noreferrer\">LER MAIS<\/a>\n\t\t\t<\/div>\n\t\t\t\n\t\t\t\t\t\t\t\t\t<\/article>\n\t\t\t\t\t\t\t\t\t\t\t\t\t\t\t\t<article class=\"uagb-post__inner-wrap\">\t\t\t\t\t\t\t\t<div class='uagb-post__image'>\n\t\t\t\t\t\t\t\t\t<a href=\"https:\/\/www.atlantikfish.com\/?p=1464\" target=\"_self\" rel=\"bookmark noopener noreferrer\" class='uagb-image-ratio-inherit'><img decoding=\"async\" width=\"300\" height=\"200\" src=\"https:\/\/www.atlantikfish.com\/wp-content\/uploads\/2021\/03\/top5-empresas-portugal_600x400-300x200.jpg\" class=\"attachment-medium size-medium\" alt=\"Atlantik Fish | Melhores PME 2020\" srcset=\"https:\/\/www.atlantikfish.com\/wp-content\/uploads\/2021\/03\/top5-empresas-portugal_600x400-300x200.jpg 300w, https:\/\/www.atlantikfish.com\/wp-content\/uploads\/2021\/03\/top5-empresas-portugal_600x400-500x333.jpg 500w, https:\/\/www.atlantikfish.com\/wp-content\/uploads\/2021\/03\/top5-empresas-portugal_600x400-272x182.jpg 272w, https:\/\/www.atlantikfish.com\/wp-content\/uploads\/2021\/03\/top5-empresas-portugal_600x400.jpg 600w\" sizes=\"(max-width: 300px) 100vw, 300px\" \/>\t\t\t\t\t<\/a>\n\t\t\t\t\t\t\t<\/div>\n\t\t\t\t\t\t<h4 class=\"uagb-post__title uagb-post__text\">\n\t\t\t\t<a href=\"https:\/\/www.atlantikfish.com\/?p=1464\" target=\"_self\" rel=\"bookmark noopener noreferrer\">TOP 5% Melhores PME de Portugal<\/a>\n\t\t\t<\/h4>\n\t\t\t\t\t\t<div class='uagb-post__text uagb-post-grid-byline'>\n\t\t\t\t\t\t\t<\/div>\n\t\t\t\t\t\t\t<div class='uagb-post__text uagb-post__excerpt'>\n\t\t\t\t\tA Atlantik Fish foi considerada uma das &#8220;TOP 5% Melhores PME de Portugal&#8221;, pelo seu&#8230;\t\t\t\t<\/div>\n\t\t\t\t\t\t<div class=\"uagb-post__text uagb-post__cta wp-block-button\">\n\t\t\t\t<a class=\"wp-block-button__link uagb-text-link\" style=\"\" href=\"https:\/\/www.atlantikfish.com\/?p=1464\" target=\"_self\" rel=\"bookmark noopener noreferrer\">LER MAIS<\/a>\n\t\t\t<\/div>\n\t\t\t\n\t\t\t\t\t\t\t\t\t<\/article>\n\t\t\t\t\t\t\t\t\t\t\t\t\t\t\t\t<article class=\"uagb-post__inner-wrap\">\t\t\t\t\t\t\t\t<div class='uagb-post__image'>\n\t\t\t\t\t\t\t\t\t<a href=\"https:\/\/www.atlantikfish.com\/?p=1428\" target=\"_self\" rel=\"bookmark noopener noreferrer\" class='uagb-image-ratio-inherit'><img loading=\"lazy\" decoding=\"async\" width=\"300\" height=\"200\" src=\"https:\/\/www.atlantikfish.com\/wp-content\/uploads\/2021\/02\/S2aqua_6x4-1-300x200.jpg\" class=\"attachment-medium size-medium\" alt=\"Atlantik Fish | S2Aqua\" srcset=\"https:\/\/www.atlantikfish.com\/wp-content\/uploads\/2021\/02\/S2aqua_6x4-1-300x200.jpg 300w, https:\/\/www.atlantikfish.com\/wp-content\/uploads\/2021\/02\/S2aqua_6x4-1-500x333.jpg 500w, https:\/\/www.atlantikfish.com\/wp-content\/uploads\/2021\/02\/S2aqua_6x4-1-272x182.jpg 272w, https:\/\/www.atlantikfish.com\/wp-content\/uploads\/2021\/02\/S2aqua_6x4-1.jpg 600w\" sizes=\"(max-width: 300px) 100vw, 300px\" \/>\t\t\t\t\t<\/a>\n\t\t\t\t\t\t\t<\/div>\n\t\t\t\t\t\t<h4 class=\"uagb-post__title uagb-post__text\">\n\t\t\t\t<a href=\"https:\/\/www.atlantikfish.com\/?p=1428\" target=\"_self\" rel=\"bookmark noopener noreferrer\">S2AQUA &#8211; Laborat\u00f3rio Colaborativo<\/a>\n\t\t\t<\/h4>\n\t\t\t\t\t\t<div class='uagb-post__text uagb-post-grid-byline'>\n\t\t\t\t\t\t\t<\/div>\n\t\t\t\t\t\t\t<div class='uagb-post__text uagb-post__excerpt'>\n\t\t\t\t\tA Atlantik Fish \u00e9 um dos s\u00f3cios fundadores do S2AQUA &#8211; Laborat\u00f3rio Colaborativo, Associa\u00e7\u00e3o para&#8230;\t\t\t\t<\/div>\n\t\t\t\t\t\t<div class=\"uagb-post__text uagb-post__cta wp-block-button\">\n\t\t\t\t<a class=\"wp-block-button__link uagb-text-link\" style=\"\" href=\"https:\/\/www.atlantikfish.com\/?p=1428\" target=\"_self\" rel=\"bookmark noopener noreferrer\">LER MAIS<\/a>\n\t\t\t<\/div>\n\t\t\t\n\t\t\t\t\t\t\t\t\t<\/article>\n\t\t\t\t\t\t\t\t\t\t\t\t\t\t\t\t<article class=\"uagb-post__inner-wrap\">\t\t\t\t\t\t\t\t<div class='uagb-post__image'>\n\t\t\t\t\t\t\t\t\t<a href=\"https:\/\/www.atlantikfish.com\/?p=1187\" target=\"_self\" rel=\"bookmark noopener noreferrer\" class='uagb-image-ratio-inherit'><img loading=\"lazy\" decoding=\"async\" width=\"300\" height=\"200\" src=\"https:\/\/www.atlantikfish.com\/wp-content\/uploads\/2019\/04\/Visita-da-Carelia-e-Sorgal-300x200.jpg\" class=\"attachment-medium size-medium\" alt=\"Visita da Carelia e Sorgal a Atlantik Fish\" srcset=\"https:\/\/www.atlantikfish.com\/wp-content\/uploads\/2019\/04\/Visita-da-Carelia-e-Sorgal-300x200.jpg 300w, https:\/\/www.atlantikfish.com\/wp-content\/uploads\/2019\/04\/Visita-da-Carelia-e-Sorgal-500x333.jpg 500w, https:\/\/www.atlantikfish.com\/wp-content\/uploads\/2019\/04\/Visita-da-Carelia-e-Sorgal.jpg 600w, https:\/\/www.atlantikfish.com\/wp-content\/uploads\/2019\/04\/Visita-da-Carelia-e-Sorgal-272x182.jpg 272w\" sizes=\"(max-width: 300px) 100vw, 300px\" \/>\t\t\t\t\t<\/a>\n\t\t\t\t\t\t\t<\/div>\n\t\t\t\t\t\t<h4 class=\"uagb-post__title uagb-post__text\">\n\t\t\t\t<a href=\"https:\/\/www.atlantikfish.com\/?p=1187\" target=\"_self\" rel=\"bookmark noopener noreferrer\">Visita \u00e0 Atlantik Fish<\/a>\n\t\t\t<\/h4>\n\t\t\t\t\t\t<div class='uagb-post__text uagb-post-grid-byline'>\n\t\t\t\t\t\t\t<\/div>\n\t\t\t\t\t\t\t<div class='uagb-post__text uagb-post__excerpt'>\n\t\t\t\t\tO maior produtor de trutas da prov\u00edncia russa da Car\u00e9lia visitou, a convite da Sorgal&#8230;\t\t\t\t<\/div>\n\t\t\t\t\t\t<div class=\"uagb-post__text uagb-post__cta wp-block-button\">\n\t\t\t\t<a class=\"wp-block-button__link uagb-text-link\" style=\"\" href=\"https:\/\/www.atlantikfish.com\/?p=1187\" target=\"_self\" rel=\"bookmark noopener noreferrer\">LER MAIS<\/a>\n\t\t\t<\/div>\n\t\t\t\n\t\t\t\t\t\t\t\t\t<\/article>\n\t\t\t\t\t\t\t\t\t\t\t\t\t\t\t\t<article class=\"uagb-post__inner-wrap\">\t\t\t\t\t\t\t\t<div class='uagb-post__image'>\n\t\t\t\t\t\t\t\t\t<a href=\"https:\/\/www.atlantikfish.com\/?p=1167\" target=\"_self\" rel=\"bookmark noopener noreferrer\" class='uagb-image-ratio-inherit'><img loading=\"lazy\" decoding=\"async\" width=\"300\" height=\"200\" src=\"https:\/\/www.atlantikfish.com\/wp-content\/uploads\/2019\/04\/aquacultura-300x200.jpg\" class=\"attachment-medium size-medium\" alt=\"Atlantik Fish | Foto aerea Aquacultura\" srcset=\"https:\/\/www.atlantikfish.com\/wp-content\/uploads\/2019\/04\/aquacultura-300x200.jpg 300w, https:\/\/www.atlantikfish.com\/wp-content\/uploads\/2019\/04\/aquacultura-500x333.jpg 500w, https:\/\/www.atlantikfish.com\/wp-content\/uploads\/2019\/04\/aquacultura.jpg 600w, https:\/\/www.atlantikfish.com\/wp-content\/uploads\/2019\/04\/aquacultura-272x182.jpg 272w\" sizes=\"(max-width: 300px) 100vw, 300px\" \/>\t\t\t\t\t<\/a>\n\t\t\t\t\t\t\t<\/div>\n\t\t\t\t\t\t<h4 class=\"uagb-post__title uagb-post__text\">\n\t\t\t\t<a href=\"https:\/\/www.atlantikfish.com\/?p=1167\" target=\"_self\" rel=\"bookmark noopener noreferrer\">Aquacultura Multitr\u00f3fica Integrada (Integrate)<\/a>\n\t\t\t<\/h4>\n\t\t\t\t\t\t<div class='uagb-post__text uagb-post-grid-byline'>\n\t\t\t\t\t\t\t<\/div>\n\t\t\t\t\t\t\t<div class='uagb-post__text uagb-post__excerpt'>\n\t\t\t\t\tA Esta\u00e7\u00e3o Piloto de Piscicultura de Olh\u00e3o recebeu, no passado dia 17 de janeiro (2019),&#8230;\t\t\t\t<\/div>\n\t\t\t\t\t\t<div class=\"uagb-post__text uagb-post__cta wp-block-button\">\n\t\t\t\t<a class=\"wp-block-button__link uagb-text-link\" style=\"\" href=\"https:\/\/www.atlantikfish.com\/?p=1167\" target=\"_self\" rel=\"bookmark noopener noreferrer\">LER MAIS<\/a>\n\t\t\t<\/div>\n\t\t\t\n\t\t\t\t\t\t\t\t\t<\/article>\n\t\t\t\t\t\t\t\t\t\t\t\t\t\t\t\t<article class=\"uagb-post__inner-wrap\">\t\t\t\t\t\t\t\t<div class='uagb-post__image'>\n\t\t\t\t\t\t\t\t\t<a href=\"https:\/\/www.atlantikfish.com\/?p=1162\" target=\"_self\" rel=\"bookmark noopener noreferrer\" class='uagb-image-ratio-inherit'><img loading=\"lazy\" decoding=\"async\" width=\"300\" height=\"200\" src=\"https:\/\/www.atlantikfish.com\/wp-content\/uploads\/2019\/04\/PELAGOS6x4-300x200.jpg\" class=\"attachment-medium size-medium\" alt=\"PELAGOS\" srcset=\"https:\/\/www.atlantikfish.com\/wp-content\/uploads\/2019\/04\/PELAGOS6x4-300x200.jpg 300w, https:\/\/www.atlantikfish.com\/wp-content\/uploads\/2019\/04\/PELAGOS6x4-500x333.jpg 500w, https:\/\/www.atlantikfish.com\/wp-content\/uploads\/2019\/04\/PELAGOS6x4.jpg 600w, https:\/\/www.atlantikfish.com\/wp-content\/uploads\/2019\/04\/PELAGOS6x4-272x182.jpg 272w\" sizes=\"(max-width: 300px) 100vw, 300px\" \/>\t\t\t\t\t<\/a>\n\t\t\t\t\t\t\t<\/div>\n\t\t\t\t\t\t<h4 class=\"uagb-post__title uagb-post__text\">\n\t\t\t\t<a href=\"https:\/\/www.atlantikfish.com\/?p=1162\" target=\"_self\" rel=\"bookmark noopener noreferrer\">PELAGOS<\/a>\n\t\t\t<\/h4>\n\t\t\t\t\t\t<div class='uagb-post__text uagb-post-grid-byline'>\n\t\t\t\t\t\t\t<\/div>\n\t\t\t\t\t\t\t<div class='uagb-post__text uagb-post__excerpt'>\n\t\t\t\t\tA Atlantik Fish esteve presente no PELAGOS, um encontro internacional no \u00e2mbito da Energia Azul,&#8230;\t\t\t\t<\/div>\n\t\t\t\t\t\t<div class=\"uagb-post__text uagb-post__cta wp-block-button\">\n\t\t\t\t<a class=\"wp-block-button__link uagb-text-link\" style=\"\" href=\"https:\/\/www.atlantikfish.com\/?p=1162\" target=\"_self\" rel=\"bookmark noopener noreferrer\">LER MAIS<\/a>\n\t\t\t<\/div>\n\t\t\t\n\t\t\t\t\t\t\t\t\t<\/article>\n\t\t\t\t\t\t\t\t\t\t\t\t\t\t\t\t<article class=\"uagb-post__inner-wrap\">\t\t\t\t\t\t\t\t<div class='uagb-post__image'>\n\t\t\t\t\t\t\t\t\t<a href=\"https:\/\/www.atlantikfish.com\/?p=1148\" target=\"_self\" rel=\"bookmark noopener noreferrer\" class='uagb-image-ratio-inherit'><img loading=\"lazy\" decoding=\"async\" width=\"300\" height=\"200\" src=\"https:\/\/www.atlantikfish.com\/wp-content\/uploads\/2019\/04\/feiradietamediterranica-1-300x200.jpg\" class=\"attachment-medium size-medium\" alt=\"VI Feira da Dieta Mediterranica\" srcset=\"https:\/\/www.atlantikfish.com\/wp-content\/uploads\/2019\/04\/feiradietamediterranica-1-300x200.jpg 300w, https:\/\/www.atlantikfish.com\/wp-content\/uploads\/2019\/04\/feiradietamediterranica-1-500x333.jpg 500w, https:\/\/www.atlantikfish.com\/wp-content\/uploads\/2019\/04\/feiradietamediterranica-1.jpg 600w, https:\/\/www.atlantikfish.com\/wp-content\/uploads\/2019\/04\/feiradietamediterranica-1-272x182.jpg 272w\" sizes=\"(max-width: 300px) 100vw, 300px\" \/>\t\t\t\t\t<\/a>\n\t\t\t\t\t\t\t<\/div>\n\t\t\t\t\t\t<h4 class=\"uagb-post__title uagb-post__text\">\n\t\t\t\t<a href=\"https:\/\/www.atlantikfish.com\/?p=1148\" target=\"_self\" rel=\"bookmark noopener noreferrer\">VI Feira da Dieta Mediterr\u00e2nica<\/a>\n\t\t\t<\/h4>\n\t\t\t\t\t\t<div class='uagb-post__text uagb-post-grid-byline'>\n\t\t\t\t\t\t\t<\/div>\n\t\t\t\t\t\t\t<div class='uagb-post__text uagb-post__excerpt'>\n\t\t\t\t\tA 6\u00aa edi\u00e7\u00e3o da Feira da Dieta Mediterr\u00e2nica contou com a participa\u00e7\u00e3o da Atlantik Fisk&#8230;\t\t\t\t<\/div>\n\t\t\t\t\t\t<div class=\"uagb-post__text uagb-post__cta wp-block-button\">\n\t\t\t\t<a class=\"wp-block-button__link uagb-text-link\" style=\"\" href=\"https:\/\/www.atlantikfish.com\/?p=1148\" target=\"_self\" rel=\"bookmark noopener noreferrer\">LER MAIS<\/a>\n\t\t\t<\/div>\n\t\t\t\n\t\t\t\t\t\t\t\t\t<\/article>\n\t\t\t\t\t\t\t\t\t\t\t\t\t\t\t\t<article class=\"uagb-post__inner-wrap\">\t\t\t\t\t\t\t\t<div class='uagb-post__image'>\n\t\t\t\t\t\t\t\t\t<a href=\"https:\/\/www.atlantikfish.com\/?p=1136\" target=\"_self\" rel=\"bookmark noopener noreferrer\" class='uagb-image-ratio-inherit'><img loading=\"lazy\" decoding=\"async\" width=\"300\" height=\"200\" src=\"https:\/\/www.atlantikfish.com\/wp-content\/uploads\/2019\/04\/chooseourfood-logo-300x200.jpg\" class=\"attachment-medium size-medium\" alt=\"chooseourfood logo\" srcset=\"https:\/\/www.atlantikfish.com\/wp-content\/uploads\/2019\/04\/chooseourfood-logo-300x200.jpg 300w, https:\/\/www.atlantikfish.com\/wp-content\/uploads\/2019\/04\/chooseourfood-logo-500x333.jpg 500w, https:\/\/www.atlantikfish.com\/wp-content\/uploads\/2019\/04\/chooseourfood-logo.jpg 600w, https:\/\/www.atlantikfish.com\/wp-content\/uploads\/2019\/04\/chooseourfood-logo-272x182.jpg 272w\" sizes=\"(max-width: 300px) 100vw, 300px\" \/>\t\t\t\t\t<\/a>\n\t\t\t\t\t\t\t<\/div>\n\t\t\t\t\t\t<h4 class=\"uagb-post__title uagb-post__text\">\n\t\t\t\t<a href=\"https:\/\/www.atlantikfish.com\/?p=1136\" target=\"_self\" rel=\"bookmark noopener noreferrer\">Choose our Food<\/a>\n\t\t\t<\/h4>\n\t\t\t\t\t\t<div class='uagb-post__text uagb-post-grid-byline'>\n\t\t\t\t\t\t\t<\/div>\n\t\t\t\t\t\t\t<div class='uagb-post__text uagb-post__excerpt'>\n\t\t\t\t\tA Atlantik Fish foi uma das empresas produtoras que abra\u00e7aram o projeto &#8220;Choose our Food&#8221;,&#8230;\t\t\t\t<\/div>\n\t\t\t\t\t\t<div class=\"uagb-post__text uagb-post__cta wp-block-button\">\n\t\t\t\t<a class=\"wp-block-button__link uagb-text-link\" style=\"\" href=\"https:\/\/www.atlantikfish.com\/?p=1136\" target=\"_self\" rel=\"bookmark noopener noreferrer\">LER MAIS<\/a>\n\t\t\t<\/div>\n\t\t\t\n\t\t\t\t\t\t\t\t\t<\/article>\n\t\t\t\t\t\t\t\t\t\t\t<\/div>\n\t\t\t","protected":false},"excerpt":{"rendered":"","protected":false},"author":1,"featured_media":0,"parent":0,"menu_order":0,"comment_status":"closed","ping_status":"closed","template":"","meta":{"_uag_custom_page_level_css":"","_monsterinsights_skip_tracking":false,"_monsterinsights_sitenote_active":false,"_monsterinsights_sitenote_note":"","_monsterinsights_sitenote_category":0,"cybocfi_hide_featured_image":"","_vp_format_video_url":"","_vp_image_focal_point":[],"footnotes":""},"class_list":["post-1065","page","type-page","status-publish","hentry"],"uagb_featured_image_src":{"full":false,"thumbnail":false,"medium":false,"medium_large":false,"large":false,"1536x1536":false,"2048x2048":false,"vp_sm":false,"vp_md":false,"vp_lg":false,"vp_xl":false,"vp_sm_popup":false,"vp_md_popup":false,"vp_xl_popup":false,"flash-square":false,"flash-big":false,"flash-grid":false,"sow-carousel-default":false},"uagb_author_info":{"display_name":"Admin_AF","author_link":"https:\/\/www.atlantikfish.com\/?author=1"},"uagb_comment_info":0,"uagb_excerpt":null,"_links":{"self":[{"href":"https:\/\/www.atlantikfish.com\/index.php?rest_route=\/wp\/v2\/pages\/1065","targetHints":{"allow":["GET"]}}],"collection":[{"href":"https:\/\/www.atlantikfish.com\/index.php?rest_route=\/wp\/v2\/pages"}],"about":[{"href":"https:\/\/www.atlantikfish.com\/index.php?rest_route=\/wp\/v2\/types\/page"}],"author":[{"embeddable":true,"href":"https:\/\/www.atlantikfish.com\/index.php?rest_route=\/wp\/v2\/users\/1"}],"replies":[{"embeddable":true,"href":"https:\/\/www.atlantikfish.com\/index.php?rest_route=%2Fwp%2Fv2%2Fcomments&post=1065"}],"version-history":[{"count":16,"href":"https:\/\/www.atlantikfish.com\/index.php?rest_route=\/wp\/v2\/pages\/1065\/revisions"}],"predecessor-version":[{"id":1374,"href":"https:\/\/www.atlantikfish.com\/index.php?rest_route=\/wp\/v2\/pages\/1065\/revisions\/1374"}],"wp:attachment":[{"href":"https:\/\/www.atlantikfish.com\/index.php?rest_route=%2Fwp%2Fv2%2Fmedia&parent=1065"}],"curies":[{"name":"wp","href":"https:\/\/api.w.org\/{rel}","templated":true}]}}