{"id":474,"date":"2017-01-02T08:28:52","date_gmt":"2017-01-02T08:28:52","guid":{"rendered":"https:\/\/demo.themegrill.com\/flash-default-2\/?page_id=5"},"modified":"2023-10-20T10:38:08","modified_gmt":"2023-10-20T10:38:08","slug":"home","status":"publish","type":"page","link":"https:\/\/www.atlantikfish.com\/","title":{"rendered":"Home"},"content":{"rendered":"<div id=\"pl-474\"  class=\"panel-layout\" ><div id=\"pg-474-0\"  class=\"panel-grid panel-has-style\" ><div class=\"siteorigin-panels-stretch panel-row-style panel-row-style-for-474-0\" data-stretch-type=\"full\" ><div id=\"pgc-474-0-0\"  class=\"panel-grid-cell\" ><\/div><\/div><\/div><div id=\"pg-474-1\"  class=\"panel-grid panel-no-style\" ><div id=\"pgc-474-1-0\"  class=\"panel-grid-cell\" ><div id=\"panel-474-1-0-0\" class=\"so-panel widget widget_themegrill_flash_about tg-widget tg-about-widget about-section panel-first-child panel-last-child\" data-index=\"1\" ><div id=\"sobre-nos\" class=\"panel-widget-style panel-widget-style-for-474-1-0-0\" ><div class=\"tg-column-wrapper\">\n\t<div class=\"about-content-wrapper tg-column-2\">\n\t\t\t\t<h3 class=\"section-title\">Sobre N\u00f3s<\/h3>\n\t\t\t\t\t\t<div class=\"section-description\">A instala\u00e7\u00e3o aqu\u00edcola est\u00e1 localizada na reserva Natural do sapal de Castro Marim, \u00e9 constitu\u00edda por 20 tanques de peixes, 3 tanques de bivalves e 6 estufas de pr\u00e9-engorda de peixes, num total de 35 hectares. Possui uma sala de embalamento moderna equipada com a tecnologia mais recente.<br>\n<br>\nOs nossos peixes caracterizam-se pela sua excel\u00eancia na qualidade e sabor, uma vez que vivem num ambiente natural, em plena Reserva Natural de Castro Marim, e devido ao seu regime alimentar natural.<\/div>\n\t\t\t\t\t<\/div>\n\t\t<figure class=\"about-section-image tg-column-2\">\n\t\t<img decoding=\"async\" src=\"https:\/\/www.atlantikfish.com\/wp-content\/uploads\/2019\/05\/Peixe_ff-528x352.png\" \/>\n\t<\/figure>\n\t<\/div>\n<\/div><\/div><\/div><\/div><div id=\"pg-474-2\"  class=\"panel-grid panel-has-style\" ><div class=\"siteorigin-panels-stretch panel-row-style panel-row-style-for-474-2\" data-stretch-type=\"full\" ><div id=\"pgc-474-2-0\"  class=\"panel-grid-cell\" ><div id=\"panel-474-2-0-0\" class=\"so-panel widget widget_themegrill_flash_heading tg-widget section-title-wrapper panel-first-child\" data-index=\"2\" >\t<h3 class=\"section-title\">O NOSSO COMPROMISSO PARA UMA SOLU\u00c7\u00c3O ECOL\u00d3GICA<\/h3>\n<\/div><div id=\"panel-474-2-0-1\" class=\"so-panel widget widget_sow-features panel-last-child\" data-index=\"3\" ><div\n\t\t\t\n\t\t\tclass=\"so-widget-sow-features so-widget-sow-features-default-f52952e739f8-474\"\n\t\t\t\n\t\t><ul\n\tclass=\"sow-features-list\n\tsow-features-responsive\">\n\n\t\t\t<li\n\t\t\tclass=\"sow-features-feature sow-icon-container-position-top\"\n\t\t\tstyle=\"display: flex; flex-direction: column; width: calc(33.333% - 25px);\"\n\t\t>\n\t\t\t\n\t\t\t\t\t\t\t<div class=\"sow-features-feature-right-left-container\" style=\"display: flex; flex-direction: inherit;\">\n\t\t\t\t\t\t\t<div\t\t\t\tclass=\"sow-icon-container sow-container-none\"\n\t\t\t\tstyle=\"color: #d1d1d1; \"\n\t\t\t\t\n\t\t\t\t\t\t\t>\n\t\t\t\t\t\t\t\t\t\t<div class=\"sow-icon-image\" style=\"background-image: url(https:\/\/www.atlantikfish.com\/wp-content\/uploads\/2019\/01\/dest1_200.png); font-size: 200px\"><\/div>\n\t\t\t\t\t\t\t\t\t<\/div>\n\n\t\t\t<div class=\"textwidget\">\n\t\t\t\t\t\t\t\t\t<div class=\"sow-features-feature-content\">\n\t\t\t\t\n\t\t\t\t\t\t\t\t\t<h5 class=\"sow-features-feature-title\">\n\t\t\t\t\t\tReserva Natural de Castro Marim\t\t\t\t\t<\/h5>\n\t\t\t\t\n\t\t\t\t\t\t\t\t\t<div class=\"sow-features-feature-text\">\n\t\t\t\t\t<p>A Reserva localiza-se no sudeste algarvio, perto da foz do rio Guadiana. \u00c9 uma zona h\u00famida, reconhecida pela sua import\u00e2ncia como local de procria\u00e7\u00e3o de numerosas esp\u00e9cies selvagens.<\/p>\n\t\t\t\t\t<\/div>\n\t\t\t\t\t\t\t\t\t\t<\/div>\n\t\t\t\t\t<p class=\"sow-more-text\">\n\t\t\t\t\t\t<a href=\"https:\/\/www.atlantikfish.com\/?page_id=690\" >\t\t\t\t\t\tSaber Mais\t\t\t\t\t\t<\/a>\t\t\t\t\t<\/p>\n\t\t\t\t\t\t\t<\/div>\n\t\t\t\t\t\t\t<\/div>\n\t\t\t\t\t\t\t\t<\/li>\n\n\t\t\t<li\n\t\t\tclass=\"sow-features-feature sow-icon-container-position-top\"\n\t\t\tstyle=\"display: flex; flex-direction: column; width: calc(33.333% - 25px);\"\n\t\t>\n\t\t\t\n\t\t\t\t\t\t\t<div class=\"sow-features-feature-right-left-container\" style=\"display: flex; flex-direction: inherit;\">\n\t\t\t\t\t\t\t<div\t\t\t\tclass=\"sow-icon-container sow-container-none\"\n\t\t\t\tstyle=\"color: #404040; \"\n\t\t\t\t\n\t\t\t\t\t\t\t>\n\t\t\t\t\t\t\t\t\t\t<div class=\"sow-icon-image\" style=\"background-image: url(https:\/\/www.atlantikfish.com\/wp-content\/uploads\/2019\/01\/dest2_200.png); font-size: 200px\"><\/div>\n\t\t\t\t\t\t\t\t\t<\/div>\n\n\t\t\t<div class=\"textwidget\">\n\t\t\t\t\t\t\t\t\t<div class=\"sow-features-feature-content\">\n\t\t\t\t\n\t\t\t\t\t\t\t\t\t<h5 class=\"sow-features-feature-title\">\n\t\t\t\t\t\tNutri\u00e7\u00e3o &amp; Alimenta\u00e7\u00e3o\t\t\t\t\t<\/h5>\n\t\t\t\t\n\t\t\t\t\t\t\t\t\t<div class=\"sow-features-feature-text\">\n\t\t\t\t\t<p>A alimenta\u00e7\u00e3o dos nossos peixes \u00e9 complementada com alimentos naturais, como camar\u00e3o, algas ou bivalves, de forma a garantir o valor nutritivo da sua dieta, sa\u00fade e crescimento.<\/p>\n\t\t\t\t\t<\/div>\n\t\t\t\t\t\t\t\t\t\t<\/div>\n\t\t\t\t\t<p class=\"sow-more-text\">\n\t\t\t\t\t\t<a href=\"https:\/\/www.atlantikfish.com\/?page_id=695\" >\t\t\t\t\t\tSaber mais\t\t\t\t\t\t<\/a>\t\t\t\t\t<\/p>\n\t\t\t\t\t\t\t<\/div>\n\t\t\t\t\t\t\t<\/div>\n\t\t\t\t\t\t\t\t<\/li>\n\n\t\t\t<li\n\t\t\tclass=\"sow-features-feature sow-icon-container-position-top\"\n\t\t\tstyle=\"display: flex; flex-direction: column; width: calc(33.333% - 25px);\"\n\t\t>\n\t\t\t\n\t\t\t\t\t\t\t<div class=\"sow-features-feature-right-left-container\" style=\"display: flex; flex-direction: inherit;\">\n\t\t\t\t\t\t\t<div\t\t\t\tclass=\"sow-icon-container sow-container-none\"\n\t\t\t\tstyle=\"color: #404040; \"\n\t\t\t\t\n\t\t\t\t\t\t\t>\n\t\t\t\t\t\t\t\t\t\t<div class=\"sow-icon-image\" style=\"background-image: url(https:\/\/www.atlantikfish.com\/wp-content\/uploads\/2019\/01\/dest3_200.png); font-size: 200px\"><\/div>\n\t\t\t\t\t\t\t\t\t<\/div>\n\n\t\t\t<div class=\"textwidget\">\n\t\t\t\t\t\t\t\t\t<div class=\"sow-features-feature-content\">\n\t\t\t\t\n\t\t\t\t\t\t\t\t\t<h5 class=\"sow-features-feature-title\">\n\t\t\t\t\t\tRenova\u00e7\u00e3o da \u00e1gua\t\t\t\t\t<\/h5>\n\t\t\t\t\n\t\t\t\t\t\t\t\t\t<div class=\"sow-features-feature-text\">\n\t\t\t\t\t<p>A renova\u00e7\u00e3o das nossas \u00e1guas \u00e9 feita atrav\u00e9s da energia das mar\u00e9s, s\u00f3 assim o Pescado da Mar\u00e9\u00ae consegue ter as caracter\u00edsticas que o tornam id\u00eantico ao peixe selvagem e reconhecido pela sua excel\u00eancia.<\/p>\n\t\t\t\t\t<\/div>\n\t\t\t\t\t\t\t\t\t\t<\/div>\n\t\t\t\t\t<p class=\"sow-more-text\">\n\t\t\t\t\t\t<a href=\"https:\/\/www.atlantikfish.com\/?page_id=697\" >\t\t\t\t\t\tSaber mais\t\t\t\t\t\t<\/a>\t\t\t\t\t<\/p>\n\t\t\t\t\t\t\t<\/div>\n\t\t\t\t\t\t\t<\/div>\n\t\t\t\t\t\t\t\t<\/li>\n\n\t<\/ul>\n<\/div><\/div><\/div><\/div><\/div><div id=\"pg-474-3\"  class=\"panel-grid panel-no-style\" ><div id=\"pgc-474-3-0\"  class=\"panel-grid-cell\" ><div id=\"panel-474-3-0-0\" class=\"so-panel widget widget_themegrill_flash_heading tg-widget section-title-wrapper panel-first-child\" data-index=\"4\" ><div id=\"produtos\" class=\"panel-widget-style panel-widget-style-for-474-3-0-0\" >\t<h3 class=\"section-title\">PRODUTOS &amp; INVESTIGA\u00c7\u00c3O<\/h3>\n<\/div><\/div><div id=\"panel-474-3-0-1\" class=\"widget_text so-panel widget widget_custom_html panel-last-child\" data-index=\"5\" ><div class=\"textwidget custom-html-widget\">\n<div class=\"vp-portfolio vp-uid-30b8bf5e vp-id-613 \"\n\tdata-vp-layout=\"tiles\" data-vp-content-source=\"post-based\" data-vp-items-style=\"fly\" data-vp-items-click-action=\"\" data-vp-items-gap=\"15\" data-vp-items-gap-vertical=\"\" data-vp-pagination=\"load-more\" data-vp-next-page-url=\"https:\/\/www.atlantikfish.com\/index.php?rest_route=%2Fwp%2Fv2%2Fpages%2F474&#038;vp_page=2\" data-vp-tiles-type=\"3|1,1|\" >\n\t<div class=\"vp-portfolio__preloader-wrap\">\n\t\t<div class=\"vp-portfolio__preloader\">\n\t\t\t<img decoding=\"async\" loading=\"eager\" src=\"https:\/\/www.atlantikfish.com\/wp-content\/plugins\/visual-portfolio\/assets\/images\/logo-dark.svg\" alt=\"Visual Portfolio, Posts &amp; Image Gallery for WordPress\" width=\"20\" height=\"20\" data-skip-lazy>\n\t\t<\/div>\n\t<\/div>\n\t\t<div class=\"vp-portfolio__layout-elements vp-portfolio__layout-elements-top vp-portfolio__layout-elements-align-center\">\n\t\t\t\t<div class=\"vp-portfolio__filter-wrap\">\n\t\t\n<div class=\"vp-filter vp-filter__style-default\">\n\t\t\t<div class=\"vp-filter__item vp-filter__item-active\">\n\t\t\t<a href=\"https:\/\/www.atlantikfish.com\/index.php?rest_route=%2Fwp%2Fv2%2Fpages%2F474\" data-vp-filter=\"*\">\n\t\t\t\tAll\n\t\t\t\t\t\t\t<\/a>\n\t\t<\/div>\n\t\t\t\t<div class=\"vp-filter__item\">\n\t\t\t<a href=\"https:\/\/www.atlantikfish.com\/index.php?rest_route=%2Fwp%2Fv2%2Fpages%2F474&#038;vp_filter=portfolio_category%3Afish\" data-vp-filter=\"fish\">\n\t\t\t\tFish\n\t\t\t\t\t\t\t<\/a>\n\t\t<\/div>\n\t\t\t\t<div class=\"vp-filter__item\">\n\t\t\t<a href=\"https:\/\/www.atlantikfish.com\/index.php?rest_route=%2Fwp%2Fv2%2Fpages%2F474&#038;vp_filter=portfolio_category%3Ainvestigacao\" data-vp-filter=\"investigacao\">\n\t\t\t\tInvestiga\u00e7\u00e3o\n\t\t\t\t\t\t\t<\/a>\n\t\t<\/div>\n\t\t\t\t<div class=\"vp-filter__item\">\n\t\t\t<a href=\"https:\/\/www.atlantikfish.com\/index.php?rest_route=%2Fwp%2Fv2%2Fpages%2F474&#038;vp_filter=portfolio_category%3Apeixes\" data-vp-filter=\"peixes\">\n\t\t\t\tPeixes\n\t\t\t\t\t\t\t<\/a>\n\t\t<\/div>\n\t\t\t\t<div class=\"vp-filter__item\">\n\t\t\t<a href=\"https:\/\/www.atlantikfish.com\/index.php?rest_route=%2Fwp%2Fv2%2Fpages%2F474&#038;vp_filter=portfolio_category%3Aresearch\" data-vp-filter=\"research\">\n\t\t\t\tResearch\n\t\t\t\t\t\t\t<\/a>\n\t\t<\/div>\n\t\t<\/div>\n\t\t<\/div>\n\t\t\t\t<\/div>\n\t\t\t\t<div class=\"vp-portfolio__items-wrap\">\n\t\t\t\n<div class=\"vp-portfolio__items vp-portfolio__items-style-fly vp-portfolio__items-show-overlay-hover\">\n\n\t\t<article\t\tclass=\"vp-portfolio__item-wrap post-897 portfolio type-portfolio status-publish format-standard has-post-thumbnail hentry portfolio_cat-investigation portfolio_category-research vp-portfolio__item-uid-fb71a0eb\" data-vp-filter=\"research\" \t\t>\n\t\t\t\t\t\t\t\t\t<figure class=\"vp-portfolio__item\">\n\t\t\t\t\n<div class=\"vp-portfolio__item-img-wrap\">\n\t<div class=\"vp-portfolio__item-img\">\n\t\t\n\t\t<noscript><img decoding=\"async\" width=\"250\" height=\"188\" data-skip-lazy src=\"https:\/\/www.atlantikfish.com\/wp-content\/uploads\/2017\/01\/The_freswater_microalga_Haematococcus_pluvialis.jpg\" class=\"wp-image-531\" alt=\"microalgas\" \/><\/noscript><img decoding=\"async\" width=\"250\" height=\"188\" src=\"data:image\/svg+xml;base64,PHN2ZyB3aWR0aD0iMjUwIiBoZWlnaHQ9IjE4OCIgdmlld0JveD0iMCAwIDI1MCAxODgiIGZpbGw9Im5vbmUiIHhtbG5zPSJodHRwOi8vd3d3LnczLm9yZy8yMDAwL3N2ZyI+PC9zdmc+\" class=\"wp-image-531 vp-lazyload\" alt=\"microalgas\" data-src=\"https:\/\/www.atlantikfish.com\/wp-content\/uploads\/2017\/01\/The_freswater_microalga_Haematococcus_pluvialis.jpg\" data-sizes=\"auto\" loading=\"eager\">\n\t\t\t<\/div>\n<\/div>\n\t<figcaption class=\"vp-portfolio__item-overlay vp-portfolio__item-overlay-text-align-center\">\n\t\t<div class=\"vp-portfolio__item-meta-wrap vp-portfolio__custom-scrollbar\">\n\t\t\t\t<span\t\t class=\"vp-portfolio__item-meta\" \t>\n\t\n<h2 class=\"vp-portfolio__item-meta-title\">\n\tMicroalgae<\/h2>\n\n<div class=\"vp-portfolio__item-meta-excerpt\">\n\t<div>\n\t\tProject for the production of biofuels In partnership with the Marbiotech Research Group of the Center for Marine Sciences - CCMAR, based at the University of the Algarve, we are developing a project to isolate new strains of microalgae.\t<\/div>\n<\/div>\n<\/span>\t\t<\/div>\n\t<\/figcaption>\n\t\t\t<\/figure>\n\t\t\t\t\t<\/article>\n\t\t\n\t\t<article\t\tclass=\"vp-portfolio__item-wrap post-895 portfolio type-portfolio status-publish format-standard has-post-thumbnail hentry portfolio_cat-investigation portfolio_category-research vp-portfolio__item-uid-157fc1c7\" data-vp-filter=\"research\" \t\t>\n\t\t\t\t\t\t\t\t\t<figure class=\"vp-portfolio__item\">\n\t\t\t\t\n<div class=\"vp-portfolio__item-img-wrap\">\n\t<div class=\"vp-portfolio__item-img\">\n\t\t\n\t\t<noscript><img decoding=\"async\" width=\"255\" height=\"188\" data-skip-lazy src=\"https:\/\/www.atlantikfish.com\/wp-content\/uploads\/2017\/01\/Salicornia_europaea_en_Bretagne.jpg\" class=\"wp-image-529\" alt=\"salicornia\" \/><\/noscript><img decoding=\"async\" width=\"255\" height=\"188\" src=\"data:image\/svg+xml;base64,PHN2ZyB3aWR0aD0iMjU1IiBoZWlnaHQ9IjE4OCIgdmlld0JveD0iMCAwIDI1NSAxODgiIGZpbGw9Im5vbmUiIHhtbG5zPSJodHRwOi8vd3d3LnczLm9yZy8yMDAwL3N2ZyI+PC9zdmc+\" class=\"wp-image-529 vp-lazyload\" alt=\"salicornia\" data-src=\"https:\/\/www.atlantikfish.com\/wp-content\/uploads\/2017\/01\/Salicornia_europaea_en_Bretagne.jpg\" data-sizes=\"auto\" loading=\"eager\">\n\t\t\t<\/div>\n<\/div>\n\t<figcaption class=\"vp-portfolio__item-overlay vp-portfolio__item-overlay-text-align-center\">\n\t\t<div class=\"vp-portfolio__item-meta-wrap vp-portfolio__custom-scrollbar\">\n\t\t\t\t<span\t\t class=\"vp-portfolio__item-meta\" \t>\n\t\n<h2 class=\"vp-portfolio__item-meta-title\">\n\tSalic\u00f3rnia (in evaluation)<\/h2>\n\n<div class=\"vp-portfolio__item-meta-excerpt\">\n\t<div>\n\t\tProject under evaluation Growing naturally on the banks of tanks, the potential and economic interest of their cultivation is being assessed.\t<\/div>\n<\/div>\n<\/span>\t\t<\/div>\n\t<\/figcaption>\n\t\t\t<\/figure>\n\t\t\t\t\t<\/article>\n\t\t\n\t\t<article\t\tclass=\"vp-portfolio__item-wrap post-893 portfolio type-portfolio status-publish format-standard has-post-thumbnail hentry portfolio_cat-fish portfolio_cat-investigation portfolio_category-fish vp-portfolio__item-uid-fc1c64f2\" data-vp-filter=\"fish\" \t\t>\n\t\t\t\t\t\t\t\t\t<figure class=\"vp-portfolio__item\">\n\t\t\t\t\n<div class=\"vp-portfolio__item-img-wrap\">\n\t<div class=\"vp-portfolio__item-img\">\n\t\t\n\t\t<noscript><img fetchpriority=\"high\" decoding=\"async\" width=\"300\" height=\"300\" data-skip-lazy src=\"https:\/\/www.atlantikfish.com\/wp-content\/uploads\/2017\/01\/Diplodus-Sargus_c.jpg\" class=\"wp-image-528\" alt=\"Diplodus Sargus\" srcset=\"https:\/\/www.atlantikfish.com\/wp-content\/uploads\/2017\/01\/Diplodus-Sargus_c.jpg 300w, https:\/\/www.atlantikfish.com\/wp-content\/uploads\/2017\/01\/Diplodus-Sargus_c-150x150.jpg 150w\" sizes=\"(max-width: 300px) 100vw, 300px\" \/><\/noscript><img decoding=\"async\" width=\"300\" height=\"300\" src=\"https:\/\/www.atlantikfish.com\/wp-content\/uploads\/2017\/01\/Diplodus-Sargus_c.jpg\" class=\"wp-image-528 vp-lazyload\" alt=\"Diplodus Sargus\" srcset=\"data:image\/svg+xml;base64,PHN2ZyB3aWR0aD0iMzAwIiBoZWlnaHQ9IjMwMCIgdmlld0JveD0iMCAwIDMwMCAzMDAiIGZpbGw9Im5vbmUiIHhtbG5zPSJodHRwOi8vd3d3LnczLm9yZy8yMDAwL3N2ZyI+PC9zdmc+\" data-src=\"https:\/\/www.atlantikfish.com\/wp-content\/uploads\/2017\/01\/Diplodus-Sargus_c.jpg\" data-srcset=\"https:\/\/www.atlantikfish.com\/wp-content\/uploads\/2017\/01\/Diplodus-Sargus_c.jpg 300w, https:\/\/www.atlantikfish.com\/wp-content\/uploads\/2017\/01\/Diplodus-Sargus_c-150x150.jpg 150w\" data-sizes=\"auto\" loading=\"eager\">\n\t\t\t<\/div>\n<\/div>\n\t<figcaption class=\"vp-portfolio__item-overlay vp-portfolio__item-overlay-text-align-center\">\n\t\t<div class=\"vp-portfolio__item-meta-wrap vp-portfolio__custom-scrollbar\">\n\t\t\t\t<span\t\t class=\"vp-portfolio__item-meta\" \t>\n\t\n<h2 class=\"vp-portfolio__item-meta-title\">\n\tWhite Bream (Diplodus Sargus)<\/h2>\n\n<div class=\"vp-portfolio__item-meta-excerpt\">\n\t<div>\n\t\tExperimental partnership with IPMA to evaluate the potential of the species in semi-intensive fish farming.\t<\/div>\n<\/div>\n<\/span>\t\t<\/div>\n\t<\/figcaption>\n\t\t\t<\/figure>\n\t\t\t\t\t<\/article>\n\t\t\n\t\t<article\t\tclass=\"vp-portfolio__item-wrap post-891 portfolio type-portfolio status-publish format-standard has-post-thumbnail hentry portfolio_cat-fish portfolio_category-fish vp-portfolio__item-uid-121205de\" data-vp-filter=\"fish\" \t\t>\n\t\t\t\t\t\t\t\t\t<figure class=\"vp-portfolio__item\">\n\t\t\t\t\n<div class=\"vp-portfolio__item-img-wrap\">\n\t<div class=\"vp-portfolio__item-img\">\n\t\t\n\t\t<noscript><img loading=\"lazy\" decoding=\"async\" width=\"300\" height=\"300\" data-skip-lazy src=\"https:\/\/www.atlantikfish.com\/wp-content\/uploads\/2017\/01\/Mugil-cephalus_c.jpg\" class=\"wp-image-527\" alt=\"Mugil cephalus\" srcset=\"https:\/\/www.atlantikfish.com\/wp-content\/uploads\/2017\/01\/Mugil-cephalus_c.jpg 300w, https:\/\/www.atlantikfish.com\/wp-content\/uploads\/2017\/01\/Mugil-cephalus_c-150x150.jpg 150w\" sizes=\"(max-width: 300px) 100vw, 300px\" \/><\/noscript><img decoding=\"async\" width=\"300\" height=\"300\" src=\"https:\/\/www.atlantikfish.com\/wp-content\/uploads\/2017\/01\/Mugil-cephalus_c.jpg\" class=\"wp-image-527 vp-lazyload\" alt=\"Mugil cephalus\" srcset=\"data:image\/svg+xml;base64,PHN2ZyB3aWR0aD0iMzAwIiBoZWlnaHQ9IjMwMCIgdmlld0JveD0iMCAwIDMwMCAzMDAiIGZpbGw9Im5vbmUiIHhtbG5zPSJodHRwOi8vd3d3LnczLm9yZy8yMDAwL3N2ZyI+PC9zdmc+\" data-src=\"https:\/\/www.atlantikfish.com\/wp-content\/uploads\/2017\/01\/Mugil-cephalus_c.jpg\" data-srcset=\"https:\/\/www.atlantikfish.com\/wp-content\/uploads\/2017\/01\/Mugil-cephalus_c.jpg 300w, https:\/\/www.atlantikfish.com\/wp-content\/uploads\/2017\/01\/Mugil-cephalus_c-150x150.jpg 150w\" data-sizes=\"auto\" loading=\"eager\">\n\t\t\t<\/div>\n<\/div>\n\t<figcaption class=\"vp-portfolio__item-overlay vp-portfolio__item-overlay-text-align-center\">\n\t\t<div class=\"vp-portfolio__item-meta-wrap vp-portfolio__custom-scrollbar\">\n\t\t\t\t<span\t\t class=\"vp-portfolio__item-meta\" \t>\n\t\n<h2 class=\"vp-portfolio__item-meta-title\">\n\tMullet<\/h2>\n\n<div class=\"vp-portfolio__item-meta-excerpt\">\n\t<div>\n\t\tThe juveniles of the Muges enter together with the water supplied to the tanks and grow with the natural feeding of the tanks, up to 2kg.\t<\/div>\n<\/div>\n<\/span>\t\t<\/div>\n\t<\/figcaption>\n\t\t\t<\/figure>\n\t\t\t\t\t<\/article>\n\t\t\n\t\t<article\t\tclass=\"vp-portfolio__item-wrap post-888 portfolio type-portfolio status-publish format-standard has-post-thumbnail hentry portfolio_cat-fish portfolio_category-fish vp-portfolio__item-uid-72d58c3b\" data-vp-filter=\"fish\" \t\t>\n\t\t\t\t\t\t\t\t\t<figure class=\"vp-portfolio__item\">\n\t\t\t\t\n<div class=\"vp-portfolio__item-img-wrap\">\n\t<div class=\"vp-portfolio__item-img\">\n\t\t\n\t\t<noscript><img loading=\"lazy\" decoding=\"async\" width=\"300\" height=\"300\" data-skip-lazy src=\"https:\/\/www.atlantikfish.com\/wp-content\/uploads\/2017\/01\/Anguilla-Anguilla_c.jpg\" class=\"wp-image-526\" alt=\"Anguilla Anguilla\" srcset=\"https:\/\/www.atlantikfish.com\/wp-content\/uploads\/2017\/01\/Anguilla-Anguilla_c.jpg 300w, https:\/\/www.atlantikfish.com\/wp-content\/uploads\/2017\/01\/Anguilla-Anguilla_c-150x150.jpg 150w\" sizes=\"(max-width: 300px) 100vw, 300px\" \/><\/noscript><img decoding=\"async\" width=\"300\" height=\"300\" src=\"https:\/\/www.atlantikfish.com\/wp-content\/uploads\/2017\/01\/Anguilla-Anguilla_c.jpg\" class=\"wp-image-526 vp-lazyload\" alt=\"Anguilla Anguilla\" srcset=\"data:image\/svg+xml;base64,PHN2ZyB3aWR0aD0iMzAwIiBoZWlnaHQ9IjMwMCIgdmlld0JveD0iMCAwIDMwMCAzMDAiIGZpbGw9Im5vbmUiIHhtbG5zPSJodHRwOi8vd3d3LnczLm9yZy8yMDAwL3N2ZyI+PC9zdmc+\" data-src=\"https:\/\/www.atlantikfish.com\/wp-content\/uploads\/2017\/01\/Anguilla-Anguilla_c.jpg\" data-srcset=\"https:\/\/www.atlantikfish.com\/wp-content\/uploads\/2017\/01\/Anguilla-Anguilla_c.jpg 300w, https:\/\/www.atlantikfish.com\/wp-content\/uploads\/2017\/01\/Anguilla-Anguilla_c-150x150.jpg 150w\" data-sizes=\"auto\" loading=\"eager\">\n\t\t\t<\/div>\n<\/div>\n\t<figcaption class=\"vp-portfolio__item-overlay vp-portfolio__item-overlay-text-align-center\">\n\t\t<div class=\"vp-portfolio__item-meta-wrap vp-portfolio__custom-scrollbar\">\n\t\t\t\t<span\t\t class=\"vp-portfolio__item-meta\" \t>\n\t\n<h2 class=\"vp-portfolio__item-meta-title\">\n\tEel (Anguilla Anguilla)<\/h2>\n\n<div class=\"vp-portfolio__item-meta-excerpt\">\n\t<div>\n\t\tThe juveniles eels enter along with the water that is supplied to the tanks, growing with the existing natural food, and reach up to 1m.\t<\/div>\n<\/div>\n<\/span>\t\t<\/div>\n\t<\/figcaption>\n\t\t\t<\/figure>\n\t\t\t\t\t<\/article>\n\t\t\n\t\t<article\t\tclass=\"vp-portfolio__item-wrap post-885 portfolio type-portfolio status-publish format-standard has-post-thumbnail hentry portfolio_cat-fish portfolio_category-fish vp-portfolio__item-uid-0c64f086\" data-vp-filter=\"fish\" \t\t>\n\t\t\t\t\t\t\t\t\t<figure class=\"vp-portfolio__item\">\n\t\t\t\t\n<div class=\"vp-portfolio__item-img-wrap\">\n\t<div class=\"vp-portfolio__item-img\">\n\t\t\n\t\t<noscript><img loading=\"lazy\" decoding=\"async\" width=\"300\" height=\"300\" data-skip-lazy src=\"https:\/\/www.atlantikfish.com\/wp-content\/uploads\/2017\/01\/Solea-Senegalensis_c.jpg\" class=\"wp-image-525\" alt=\"Linguado (Solea Senegalensis)\" srcset=\"https:\/\/www.atlantikfish.com\/wp-content\/uploads\/2017\/01\/Solea-Senegalensis_c.jpg 300w, https:\/\/www.atlantikfish.com\/wp-content\/uploads\/2017\/01\/Solea-Senegalensis_c-150x150.jpg 150w\" sizes=\"(max-width: 300px) 100vw, 300px\" \/><\/noscript><img decoding=\"async\" width=\"300\" height=\"300\" src=\"https:\/\/www.atlantikfish.com\/wp-content\/uploads\/2017\/01\/Solea-Senegalensis_c.jpg\" class=\"wp-image-525 vp-lazyload\" alt=\"Linguado (Solea Senegalensis)\" srcset=\"data:image\/svg+xml;base64,PHN2ZyB3aWR0aD0iMzAwIiBoZWlnaHQ9IjMwMCIgdmlld0JveD0iMCAwIDMwMCAzMDAiIGZpbGw9Im5vbmUiIHhtbG5zPSJodHRwOi8vd3d3LnczLm9yZy8yMDAwL3N2ZyI+PC9zdmc+\" data-src=\"https:\/\/www.atlantikfish.com\/wp-content\/uploads\/2017\/01\/Solea-Senegalensis_c.jpg\" data-srcset=\"https:\/\/www.atlantikfish.com\/wp-content\/uploads\/2017\/01\/Solea-Senegalensis_c.jpg 300w, https:\/\/www.atlantikfish.com\/wp-content\/uploads\/2017\/01\/Solea-Senegalensis_c-150x150.jpg 150w\" data-sizes=\"auto\" loading=\"eager\">\n\t\t\t<\/div>\n<\/div>\n\t<figcaption class=\"vp-portfolio__item-overlay vp-portfolio__item-overlay-text-align-center\">\n\t\t<div class=\"vp-portfolio__item-meta-wrap vp-portfolio__custom-scrollbar\">\n\t\t\t\t<span\t\t class=\"vp-portfolio__item-meta\" \t>\n\t\n<h2 class=\"vp-portfolio__item-meta-title\">\n\tSole Var. (Solea Senegalensis)<\/h2>\n\n<div class=\"vp-portfolio__item-meta-excerpt\">\n\t<div>\n\t\tThe juvenile flounders enter with the water in the tanks and grow, feeding of the natural food in the tanks, until 1kg.\t<\/div>\n<\/div>\n<\/span>\t\t<\/div>\n\t<\/figcaption>\n\t\t\t<\/figure>\n\t\t\t\t\t<\/article>\n\t\t\n<\/div>\n\t\t<\/div>\n\t\t\t\t<div class=\"vp-portfolio__layout-elements vp-portfolio__layout-elements-bottom vp-portfolio__layout-elements-align-center\">\n\t\t\t\t<div class=\"vp-portfolio__pagination-wrap\">\n\t\t\n<div class=\"vp-pagination vp-pagination__style-default\" data-vp-pagination-type=\"load-more\">\n\t<div class=\"vp-pagination__item\">\n\t\t<a class=\"vp-pagination__load-more\" href=\"https:\/\/www.atlantikfish.com\/index.php?rest_route=%2Fwp%2Fv2%2Fpages%2F474&#038;vp_page=2\">\n\t\t\t<span>Ver Mais<\/span>\n\t\t\t<span class=\"vp-pagination__load-more-loading\"><span class=\"vp-spinner\"><\/span><span class=\"vp-screen-reader-text\"> A carregar...<\/span><\/span>\n\t\t\t<span class=\"vp-pagination__load-more-no-more\">Fim<\/span>\n\t\t<\/a>\n\t<\/div>\n<\/div>\n\t\t<\/div>\n\t\t\t\t<\/div>\n\t\t\n<\/div>\n<\/div><\/div><\/div><\/div><div id=\"pg-474-4\"  class=\"panel-grid panel-has-style\" ><div class=\"siteorigin-panels-stretch panel-row-style panel-row-style-for-474-4\" data-stretch-type=\"full\" ><div id=\"pgc-474-4-0\"  class=\"panel-grid-cell\" ><div id=\"panel-474-4-0-0\" class=\"so-panel widget widget_themegrill_flash_heading tg-widget section-title-wrapper panel-first-child panel-last-child\" data-index=\"6\" ><div class=\"flash_inherit_color panel-widget-style panel-widget-style-for-474-4-0-0\" id=\"contactos\" ><\/div><\/div><\/div><\/div><\/div><div id=\"pg-474-5\"  class=\"panel-grid panel-has-style\" ><div class=\"siteorigin-panels-stretch panel-row-style panel-row-style-for-474-5\" data-stretch-type=\"full\" ><div id=\"pgc-474-5-0\"  class=\"panel-grid-cell panel-grid-cell-empty\" ><\/div><\/div><\/div><\/div>","protected":false},"excerpt":{"rendered":"","protected":false},"author":1,"featured_media":0,"parent":0,"menu_order":0,"comment_status":"closed","ping_status":"closed","template":"page-templates\/pagebuilder.php","meta":{"_uag_custom_page_level_css":"","_monsterinsights_skip_tracking":false,"_monsterinsights_sitenote_active":false,"_monsterinsights_sitenote_note":"","_monsterinsights_sitenote_category":0,"cybocfi_hide_featured_image":"","_vp_format_video_url":"","_vp_image_focal_point":[],"footnotes":""},"class_list":["post-474","page","type-page","status-publish","hentry"],"uagb_featured_image_src":{"full":false,"thumbnail":false,"medium":false,"medium_large":false,"large":false,"1536x1536":false,"2048x2048":false,"vp_sm":false,"vp_md":false,"vp_lg":false,"vp_xl":false,"vp_sm_popup":false,"vp_md_popup":false,"vp_xl_popup":false,"flash-square":false,"flash-big":false,"flash-grid":false,"sow-carousel-default":false},"uagb_author_info":{"display_name":"Admin_AF","author_link":"https:\/\/www.atlantikfish.com\/?author=1"},"uagb_comment_info":0,"uagb_excerpt":null,"_links":{"self":[{"href":"https:\/\/www.atlantikfish.com\/index.php?rest_route=\/wp\/v2\/pages\/474","targetHints":{"allow":["GET"]}}],"collection":[{"href":"https:\/\/www.atlantikfish.com\/index.php?rest_route=\/wp\/v2\/pages"}],"about":[{"href":"https:\/\/www.atlantikfish.com\/index.php?rest_route=\/wp\/v2\/types\/page"}],"author":[{"embeddable":true,"href":"https:\/\/www.atlantikfish.com\/index.php?rest_route=\/wp\/v2\/users\/1"}],"replies":[{"embeddable":true,"href":"https:\/\/www.atlantikfish.com\/index.php?rest_route=%2Fwp%2Fv2%2Fcomments&post=474"}],"version-history":[{"count":164,"href":"https:\/\/www.atlantikfish.com\/index.php?rest_route=\/wp\/v2\/pages\/474\/revisions"}],"predecessor-version":[{"id":1617,"href":"https:\/\/www.atlantikfish.com\/index.php?rest_route=\/wp\/v2\/pages\/474\/revisions\/1617"}],"wp:attachment":[{"href":"https:\/\/www.atlantikfish.com\/index.php?rest_route=%2Fwp%2Fv2%2Fmedia&parent=474"}],"curies":[{"name":"wp","href":"https:\/\/api.w.org\/{rel}","templated":true}]}}