{"id":695,"date":"2019-01-17T18:01:54","date_gmt":"2019-01-17T18:01:54","guid":{"rendered":"https:\/\/www.atlantikfish.com\/?page_id=695"},"modified":"2021-07-29T14:55:16","modified_gmt":"2021-07-29T14:55:16","slug":"nutricao-alimentacao","status":"publish","type":"page","link":"https:\/\/www.atlantikfish.com\/?page_id=695","title":{"rendered":"Nutri\u00e7\u00e3o &#038; Alimenta\u00e7\u00e3o"},"content":{"rendered":"\n<div class=\"wp-block-image\"><figure class=\"aligncenter\"><img decoding=\"async\" width=\"200\" height=\"200\" src=\"https:\/\/www.atlantikfish.com\/wp-content\/uploads\/2019\/01\/dest2_200.png\" alt=\"alimenta\u00e7\u00e3o\" class=\"wp-image-727\" srcset=\"https:\/\/www.atlantikfish.com\/wp-content\/uploads\/2019\/01\/dest2_200.png 200w, https:\/\/www.atlantikfish.com\/wp-content\/uploads\/2019\/01\/dest2_200-150x150.png 150w\" sizes=\"(max-width: 200px) 100vw, 200px\" \/><\/figure><\/div>\n\n\n\n<p class=\"has-normal-font-size\">A alimenta\u00e7\u00e3o dos nossos peixes \u00e9 complementada com alimentos naturais, como camar\u00e3o, algas, minhocas ou bivalves, de forma a garantir o valor nutritivo da sua dieta, a sua sa\u00fade e o seu crescimento.<\/p>\n\n\n\n<p class=\"has-normal-font-size\">O peixe da Atlantik Fish \u00e9 de qualidade reconhecida, originado pelo modelo de produ\u00e7\u00e3o, pela elevada qualidade da \u00e1gua e pela abund\u00e2ncia de alimento natural, o que permite a produ\u00e7\u00e3o de peixes de sabor e apar\u00eancia id\u00eanticos aos selvagens.<\/p>\n","protected":false},"excerpt":{"rendered":"<p>A alimenta\u00e7\u00e3o dos nossos peixes \u00e9 complementada com alimentos naturais, como camar\u00e3o, algas, minhocas ou bivalves, de forma a garantir [&hellip;]<\/p>\n","protected":false},"author":1,"featured_media":0,"parent":0,"menu_order":0,"comment_status":"closed","ping_status":"closed","template":"","meta":{"_uag_custom_page_level_css":"","_monsterinsights_skip_tracking":false,"_monsterinsights_sitenote_active":false,"_monsterinsights_sitenote_note":"","_monsterinsights_sitenote_category":0,"cybocfi_hide_featured_image":"","_vp_format_video_url":"","_vp_image_focal_point":[],"footnotes":""},"class_list":["post-695","page","type-page","status-publish","hentry"],"uagb_featured_image_src":{"full":false,"thumbnail":false,"medium":false,"medium_large":false,"large":false,"1536x1536":false,"2048x2048":false,"vp_sm":false,"vp_md":false,"vp_lg":false,"vp_xl":false,"vp_sm_popup":false,"vp_md_popup":false,"vp_xl_popup":false,"flash-square":false,"flash-big":false,"flash-grid":false,"sow-carousel-default":false},"uagb_author_info":{"display_name":"Admin_AF","author_link":"https:\/\/www.atlantikfish.com\/?author=1"},"uagb_comment_info":0,"uagb_excerpt":"A alimenta\u00e7\u00e3o dos nossos peixes \u00e9 complementada com alimentos naturais, como camar\u00e3o, algas, minhocas ou bivalves, de forma a garantir [&hellip;]","_links":{"self":[{"href":"https:\/\/www.atlantikfish.com\/index.php?rest_route=\/wp\/v2\/pages\/695","targetHints":{"allow":["GET"]}}],"collection":[{"href":"https:\/\/www.atlantikfish.com\/index.php?rest_route=\/wp\/v2\/pages"}],"about":[{"href":"https:\/\/www.atlantikfish.com\/index.php?rest_route=\/wp\/v2\/types\/page"}],"author":[{"embeddable":true,"href":"https:\/\/www.atlantikfish.com\/index.php?rest_route=\/wp\/v2\/users\/1"}],"replies":[{"embeddable":true,"href":"https:\/\/www.atlantikfish.com\/index.php?rest_route=%2Fwp%2Fv2%2Fcomments&post=695"}],"version-history":[{"count":4,"href":"https:\/\/www.atlantikfish.com\/index.php?rest_route=\/wp\/v2\/pages\/695\/revisions"}],"predecessor-version":[{"id":1541,"href":"https:\/\/www.atlantikfish.com\/index.php?rest_route=\/wp\/v2\/pages\/695\/revisions\/1541"}],"wp:attachment":[{"href":"https:\/\/www.atlantikfish.com\/index.php?rest_route=%2Fwp%2Fv2%2Fmedia&parent=695"}],"curies":[{"name":"wp","href":"https:\/\/api.w.org\/{rel}","templated":true}]}}